{"id":2,"date":"2021-09-15T14:37:31","date_gmt":"2021-09-15T14:37:31","guid":{"rendered":"https:\/\/www.dotlabs.pt\/ws\/?page_id=2"},"modified":"2026-03-04T10:37:24","modified_gmt":"2026-03-04T10:37:24","slug":"home","status":"publish","type":"page","link":"https:\/\/www.dotlabs.pt\/ws\/","title":{"rendered":"Home"},"content":{"rendered":"<p>[et_pb_section fb_built=&#8221;1&#8243; fullwidth=&#8221;on&#8221; _builder_version=&#8221;4.10.8&#8243; _module_preset=&#8221;default&#8221; top_divider_style_tablet=&#8221;&#8221; top_divider_style_phone=&#8221;&#8221; top_divider_style_last_edited=&#8221;on|desktop&#8221; top_divider_height_tablet=&#8221;0px&#8221; top_divider_height_phone=&#8221;&#8221; top_divider_height_last_edited=&#8221;on|phone&#8221; bottom_divider_style=&#8221;curve&#8221; bottom_divider_color=&#8221;#ffffff&#8221; bottom_divider_height=&#8221;150px&#8221; bottom_divider_style_phone=&#8221;curve2&#8243; bottom_divider_style_last_edited=&#8221;off|phone&#8221; bottom_divider_height_tablet=&#8221;60px&#8221; bottom_divider_height_phone=&#8221;42px&#8221; bottom_divider_height_last_edited=&#8221;on|desktop&#8221; global_colors_info=&#8221;{}&#8221; bottom_divider_height__hover_enabled=&#8221;off|desktop&#8221;][et_pb_fullwidth_slider _builder_version=&#8221;4.10.7&#8243; _module_preset=&#8221;default&#8221; min_height=&#8221;80vh&#8221; min_height_tablet=&#8221;40vh&#8221; min_height_phone=&#8221;40vh&#8221; min_height_last_edited=&#8221;on|phone&#8221; global_colors_info=&#8221;{}&#8221;][et_pb_slide _builder_version=&#8221;4.10.7&#8243; _module_preset=&#8221;default&#8221; background_image=&#8221;https:\/\/www.dotlabs.pt\/ws\/wp-content\/uploads\/2021\/09\/imagem-inicial-cores.svg&#8221; background_enable_image=&#8221;on&#8221; width=&#8221;100%&#8221; max_width=&#8221;100%&#8221; global_colors_info=&#8221;{}&#8221; sticky_transition=&#8221;on&#8221;][\/et_pb_slide][\/et_pb_fullwidth_slider][\/et_pb_section][et_pb_section fb_built=&#8221;1&#8243; module_id=&#8221;services&#8221; _builder_version=&#8221;4.10.7&#8243; _module_preset=&#8221;default&#8221; custom_margin=&#8221;25px||0px||false|false&#8221; custom_margin_tablet=&#8221;0px||0px||false|false&#8221; custom_margin_phone=&#8221;&#8221; custom_margin_last_edited=&#8221;on|desktop&#8221; custom_padding=&#8221;|0px||||&#8221; global_colors_info=&#8221;{}&#8221;][et_pb_row column_structure=&#8221;1_3,1_3,1_3&#8243; _builder_version=&#8221;4.10.7&#8243; _module_preset=&#8221;default&#8221; custom_margin=&#8221;||||false|false&#8221; custom_padding=&#8221;0px||0px||false|false&#8221; locked=&#8221;off&#8221; global_colors_info=&#8221;{}&#8221;][et_pb_column type=&#8221;1_3&#8243; _builder_version=&#8221;4.10.5&#8243; _module_preset=&#8221;default&#8221; global_colors_info=&#8221;{}&#8221;][et_pb_blurb title=&#8221;Plataformas Web em Cloud&#8221; image=&#8221;https:\/\/www.dotlabs.pt\/ws\/wp-content\/uploads\/2021\/09\/cloud-network-1.svg&#8221; image_max_width=&#8221;40%&#8221; _builder_version=&#8221;4.10.7&#8243; _module_preset=&#8221;default&#8221; header_text_align=&#8221;center&#8221; header_text_color=&#8221;#0F5298&#8243; header_font_size=&#8221;20px&#8221; body_text_align=&#8221;center&#8221; body_text_color=&#8221;#3C99DC&#8221; body_font_size=&#8221;16px&#8221; text_orientation=&#8221;center&#8221; custom_padding=&#8221;50px|20px|50px|20px|true|true&#8221; custom_padding_tablet=&#8221;&#8221; custom_padding_phone=&#8221;15px|20px|15px|20px|true|true&#8221; custom_padding_last_edited=&#8221;on|phone&#8221; global_colors_info=&#8221;{}&#8221; image_max_width__hover_enabled=&#8221;on|desktop&#8221; image_max_width__hover=&#8221;50%&#8221; header_font_size__hover_enabled=&#8221;on|hover&#8221; header_font_size__hover=&#8221;24px&#8221; background_color__hover=&#8221;#D5F3FE&#8221; background_enable_color__hover=&#8221;on&#8221; background__hover_enabled=&#8221;on|desktop&#8221;]<\/p>\n<p><span>Desenvolvemos plataformas Web em Cloud \u00e0 medida do seu neg\u00f3cio.<\/span><\/p>\n<p>[\/et_pb_blurb][\/et_pb_column][et_pb_column type=&#8221;1_3&#8243; _builder_version=&#8221;4.10.5&#8243; _module_preset=&#8221;default&#8221; global_colors_info=&#8221;{}&#8221;][et_pb_blurb title=&#8221;Solu\u00e7\u00f5es de Rede Lan\/Wan&#8221; image=&#8221;https:\/\/www.dotlabs.pt\/ws\/wp-content\/uploads\/2021\/09\/lan-1-1.svg&#8221; image_max_width=&#8221;40%&#8221; _builder_version=&#8221;4.10.7&#8243; _module_preset=&#8221;default&#8221; header_text_align=&#8221;center&#8221; header_text_color=&#8221;#0F5298&#8243; header_font_size=&#8221;20px&#8221; body_text_align=&#8221;center&#8221; body_text_color=&#8221;#3C99DC&#8221; body_font_size=&#8221;16px&#8221; text_orientation=&#8221;center&#8221; custom_padding=&#8221;50px|20px|50px|20px|true|true&#8221; custom_padding_tablet=&#8221;&#8221; custom_padding_phone=&#8221;15px|20px|15px|20px|true|true&#8221; custom_padding_last_edited=&#8221;on|phone&#8221; global_colors_info=&#8221;{}&#8221; background_color__hover=&#8221;#D5F3FE&#8221; background_enable_color__hover=&#8221;on&#8221; image_max_width__hover=&#8221;50%&#8221; image_max_width__hover_enabled=&#8221;on|desktop&#8221; header_font_size__hover=&#8221;24px&#8221; header_font_size__hover_enabled=&#8221;on|hover&#8221; background__hover_enabled=&#8221;on|desktop&#8221;]<\/p>\n<p><span>Implementa\u00e7\u00e3o e planeamento de redes estruturadas.<br \/>Aluguer de equipamentos de rede e servi\u00e7os associados.<\/span><\/p>\n<p>[\/et_pb_blurb][\/et_pb_column][et_pb_column type=&#8221;1_3&#8243; _builder_version=&#8221;4.10.7&#8243; _module_preset=&#8221;default&#8221; global_colors_info=&#8221;{}&#8221;][et_pb_blurb title=&#8221;Solu\u00e7\u00f5es de Intelig\u00eancia Artificial (IA)&#8221; image=&#8221;https:\/\/www.dotlabs.pt\/ws\/wp-content\/uploads\/2021\/09\/website-2.svg&#8221; image_max_width=&#8221;40%&#8221; _builder_version=&#8221;4.10.7&#8243; _module_preset=&#8221;default&#8221; header_text_align=&#8221;center&#8221; header_text_color=&#8221;#0F5298&#8243; header_font_size=&#8221;20px&#8221; body_text_align=&#8221;center&#8221; body_text_color=&#8221;#3C99DC&#8221; body_font_size=&#8221;16px&#8221; text_orientation=&#8221;center&#8221; custom_padding=&#8221;50px|20px|50px|20px|true|true&#8221; custom_padding_tablet=&#8221;&#8221; custom_padding_phone=&#8221;15px|20px|15px|20px|true|true&#8221; custom_padding_last_edited=&#8221;on|phone&#8221; global_colors_info=&#8221;{}&#8221; background_color__hover=&#8221;#D5F3FE&#8221; background_enable_color__hover=&#8221;on&#8221; image_max_width__hover=&#8221;50%&#8221; image_max_width__hover_enabled=&#8221;on|desktop&#8221; header_font_size__hover=&#8221;24px&#8221; header_font_size__hover_enabled=&#8221;on|hover&#8221; background__hover_enabled=&#8221;on|desktop&#8221;]<\/p>\n<p>Desenvolvemos solu\u00e7\u00f5es de IA \u00e0 medida. Implemente sistemas de automa\u00e7\u00e3o inteligente, otimiza\u00e7\u00e3o de processos e aumento de produtividade na sua empresa.<\/p>\n<p>[\/et_pb_blurb][\/et_pb_column][\/et_pb_row][et_pb_row column_structure=&#8221;1_3,1_3,1_3&#8243; _builder_version=&#8221;4.10.7&#8243; _module_preset=&#8221;default&#8221; custom_margin=&#8221;||||false|false&#8221; custom_margin_tablet=&#8221;40px||||false|false&#8221; custom_margin_phone=&#8221;40px||||false|false&#8221; custom_margin_last_edited=&#8221;on|tablet&#8221; custom_padding=&#8221;0px||0px||false|false&#8221; locked=&#8221;off&#8221; global_colors_info=&#8221;{}&#8221;][et_pb_column type=&#8221;1_3&#8243; _builder_version=&#8221;4.10.5&#8243; _module_preset=&#8221;default&#8221; global_colors_info=&#8221;{}&#8221;][et_pb_blurb title=&#8221;Aplica\u00e7\u00f5es Mobile&#8221; image=&#8221;https:\/\/www.dotlabs.pt\/ws\/wp-content\/uploads\/2021\/09\/smartphone-1.svg&#8221; image_max_width=&#8221;40%&#8221; _builder_version=&#8221;4.10.7&#8243; _module_preset=&#8221;default&#8221; header_text_align=&#8221;center&#8221; header_text_color=&#8221;#0F5298&#8243; header_font_size=&#8221;20px&#8221; body_text_align=&#8221;center&#8221; body_text_color=&#8221;#3C99DC&#8221; body_font_size=&#8221;16px&#8221; text_orientation=&#8221;center&#8221; custom_padding=&#8221;50px|20px|50px|20px|true|true&#8221; custom_padding_tablet=&#8221;&#8221; custom_padding_phone=&#8221;15px|20px|15px|20px|true|true&#8221; custom_padding_last_edited=&#8221;on|phone&#8221; global_colors_info=&#8221;{}&#8221; image_max_width__hover_enabled=&#8221;on|desktop&#8221; image_max_width__hover=&#8221;50%&#8221; header_font_size__hover_enabled=&#8221;on|hover&#8221; header_font_size__hover=&#8221;24px&#8221; background_color__hover=&#8221;#D5F3FE&#8221; background_enable_color__hover=&#8221;on&#8221; background__hover_enabled=&#8221;on|desktop&#8221;]<\/p>\n<p><span>Permita que os seus clientes levem o seu neg\u00f3cio no bolso deles!<\/p>\n<p><\/span><\/p>\n<p>[\/et_pb_blurb][\/et_pb_column][et_pb_column type=&#8221;1_3&#8243; _builder_version=&#8221;4.10.5&#8243; _module_preset=&#8221;default&#8221; global_colors_info=&#8221;{}&#8221;][et_pb_blurb title=&#8221;Sites e Portais&#8221; image=&#8221;https:\/\/www.dotlabs.pt\/ws\/wp-content\/uploads\/2021\/09\/website-1.svg&#8221; image_max_width=&#8221;40%&#8221; _builder_version=&#8221;4.10.7&#8243; _module_preset=&#8221;default&#8221; header_text_align=&#8221;center&#8221; header_text_color=&#8221;#0F5298&#8243; header_font_size=&#8221;20px&#8221; body_text_align=&#8221;center&#8221; body_text_color=&#8221;#3C99DC&#8221; body_font_size=&#8221;16px&#8221; text_orientation=&#8221;center&#8221; custom_padding=&#8221;50px|20px|50px|20px|true|true&#8221; custom_padding_tablet=&#8221;&#8221; custom_padding_phone=&#8221;15px|20px|15px|20px|true|true&#8221; custom_padding_last_edited=&#8221;on|phone&#8221; global_colors_info=&#8221;{}&#8221; background_color__hover=&#8221;#D5F3FE&#8221; background_enable_color__hover=&#8221;on&#8221; image_max_width__hover=&#8221;50%&#8221; image_max_width__hover_enabled=&#8221;on|desktop&#8221; header_font_size__hover=&#8221;24px&#8221; header_font_size__hover_enabled=&#8221;on|hover&#8221; background__hover_enabled=&#8221;on|desktop&#8221;]<\/p>\n<p><span>Coloque o seu neg\u00f3cio \u00e0 curta dist\u00e2ncia de meros cliques dos seus clientes!<\/span><\/p>\n<p>[\/et_pb_blurb][\/et_pb_column][et_pb_column type=&#8221;1_3&#8243; _builder_version=&#8221;4.10.7&#8243; _module_preset=&#8221;default&#8221; global_colors_info=&#8221;{}&#8221;][et_pb_blurb title=&#8221;Consultadoria Inform\u00e1tica&#8221; image=&#8221;https:\/\/www.dotlabs.pt\/ws\/wp-content\/uploads\/2021\/09\/human-resources-1.svg&#8221; image_max_width=&#8221;40%&#8221; _builder_version=&#8221;4.10.7&#8243; _module_preset=&#8221;default&#8221; header_text_align=&#8221;center&#8221; header_text_color=&#8221;#0F5298&#8243; header_font_size=&#8221;20px&#8221; body_text_align=&#8221;center&#8221; body_text_color=&#8221;#3C99DC&#8221; body_font_size=&#8221;16px&#8221; text_orientation=&#8221;center&#8221; custom_padding=&#8221;50px|20px|50px|20px|true|true&#8221; custom_padding_tablet=&#8221;&#8221; custom_padding_phone=&#8221;15px|20px|15px|20px|true|true&#8221; custom_padding_last_edited=&#8221;on|phone&#8221; global_colors_info=&#8221;{}&#8221; background_color__hover=&#8221;#D5F3FE&#8221; background_enable_color__hover=&#8221;on&#8221; image_max_width__hover=&#8221;50%&#8221; image_max_width__hover_enabled=&#8221;on|desktop&#8221; header_font_size__hover=&#8221;24px&#8221; header_font_size__hover_enabled=&#8221;on|hover&#8221; background__hover_enabled=&#8221;on|desktop&#8221;]<\/p>\n<p><span>Um guia para que o seu neg\u00f3cio tenha tudo o que necessita para ser bem sucedido!<\/span><\/p>\n<p>[\/et_pb_blurb][\/et_pb_column][\/et_pb_row][\/et_pb_section][et_pb_section fb_built=&#8221;1&#8243; module_id=&#8221;about&#8221; _builder_version=&#8221;4.10.7&#8243; _module_preset=&#8221;default&#8221; background_color=&#8221;#3C99DC&#8221; background_image=&#8221;https:\/\/www.dotlabs.pt\/ws\/wp-content\/uploads\/2021\/09\/imagem-38282-01.svg&#8221; parallax=&#8221;on&#8221; custom_padding=&#8221;1px||1px||true|false&#8221; global_colors_info=&#8221;{}&#8221;][et_pb_row _builder_version=&#8221;4.10.7&#8243; _module_preset=&#8221;default&#8221; background_enable_image=&#8221;off&#8221; parallax=&#8221;on&#8221; parallax_method=&#8221;off&#8221; width=&#8221;100%&#8221; max_width=&#8221;100%&#8221; min_height=&#8221;53vh&#8221; custom_margin=&#8221;||||false|false&#8221; custom_padding=&#8221;||||true|false&#8221; global_colors_info=&#8221;{}&#8221;][et_pb_column type=&#8221;4_4&#8243; _builder_version=&#8221;4.10.5&#8243; _module_preset=&#8221;default&#8221; global_colors_info=&#8221;{}&#8221;][et_pb_text _builder_version=&#8221;4.10.5&#8243; _module_preset=&#8221;default&#8221; header_text_align=&#8221;center&#8221; header_text_color=&#8221;#FFFFFF&#8221; header_font_size=&#8221;35px&#8221; custom_margin=&#8221;60px||50px||false|false&#8221; custom_padding=&#8221;0px|||||&#8221; global_colors_info=&#8221;{}&#8221;]<\/p>\n<h1>SOBRE<\/h1>\n<p>[\/et_pb_text][et_pb_text _builder_version=&#8221;4.10.7&#8243; _module_preset=&#8221;default&#8221; text_text_color=&#8221;#FFFFFF&#8221; text_font_size=&#8221;18px&#8221; text_orientation=&#8221;center&#8221; width=&#8221;66%&#8221; max_width=&#8221;59%&#8221; module_alignment=&#8221;center&#8221; custom_margin=&#8221;||50px||false|false&#8221; global_colors_info=&#8221;{}&#8221;]<\/p>\n<p><span>Somos a DotLabs, uma equipa polivante, dinamica e criativa. <\/span><span>C<\/span><span>riamos solu\u00e7\u00f5es profissionais na \u00e1rea de tecnologias da informa\u00e7\u00e3o.<\/span><span>\u00a0<\/span><span>A qualidade, facilidade de utiliza\u00e7\u00e3o e satisfa\u00e7\u00e3o do cliente s\u00e3o a nossa prioridade.<\/span><\/p>\n<p>[\/et_pb_text][\/et_pb_column][\/et_pb_row][\/et_pb_section][et_pb_section fb_built=&#8221;1&#8243; module_id=&#8221;contact&#8221; _builder_version=&#8221;4.10.7&#8243; _module_preset=&#8221;default&#8221; custom_margin=&#8221;||||false|false&#8221; custom_padding=&#8221;0px||0px||false|false&#8221; global_colors_info=&#8221;{}&#8221;][et_pb_row column_structure=&#8221;1_2,1_2&#8243; custom_padding_last_edited=&#8221;on|desktop&#8221; _builder_version=&#8221;4.10.7&#8243; _module_preset=&#8221;default&#8221; width=&#8221;60%&#8221; max_width=&#8221;60%&#8221; custom_padding=&#8221;100px||50px||false|false&#8221; custom_padding_tablet=&#8221;50px||||false|false&#8221; custom_padding_phone=&#8221;&#8221; global_colors_info=&#8221;{}&#8221;][et_pb_column type=&#8221;1_2&#8243; _builder_version=&#8221;4.10.5&#8243; _module_preset=&#8221;default&#8221; global_colors_info=&#8221;{}&#8221;][et_pb_image src=&#8221;https:\/\/www.dotlabs.pt\/ws\/wp-content\/uploads\/2021\/09\/Contactos-Mulher-na-cadeira.svg&#8221; alt=&#8221;contact&#8221; title_text=&#8221;img_contact&#8221; _builder_version=&#8221;4.10.8&#8243; _module_preset=&#8221;default&#8221; animation_style=&#8221;fade&#8221; global_colors_info=&#8221;{}&#8221; transform_styles__hover_enabled=&#8221;off|desktop&#8221; transform_scale__hover=&#8221;110%|110%&#8221; transform_scale__hover_enabled=&#8221;off|desktop&#8221; transform_translate__hover_enabled=&#8221;off|desktop&#8221; transform_rotate__hover=&#8221;0deg|0deg|8deg&#8221; transform_rotate__hover_enabled=&#8221;off|desktop&#8221; transform_skew__hover_enabled=&#8221;off|desktop&#8221; transform_origin__hover_enabled=&#8221;off|desktop&#8221;][\/et_pb_image][\/et_pb_column][et_pb_column type=&#8221;1_2&#8243; _builder_version=&#8221;4.10.5&#8243; _module_preset=&#8221;default&#8221; global_colors_info=&#8221;{}&#8221;][et_pb_contact_form email=&#8221;geral@dotlabs.pt&#8221; title=&#8221;Contacte-nos!&#8221; success_message=&#8221;Enviado com sucesso!&#8221; submit_button_text=&#8221;Enviar&#8221; _builder_version=&#8221;4.10.7&#8243; _module_preset=&#8221;default&#8221; form_field_background_color=&#8221;#e9f2fd&#8221; form_field_text_color=&#8221;#0F5298&#8243; form_field_focus_background_color=&#8221;rgba(233,242,253,0.49)&#8221; form_field_focus_text_color=&#8221;#0F5298&#8243; form_field_custom_margin=&#8221;||30px||false|false&#8221; title_font=&#8221;|||on|||||&#8221; title_text_color=&#8221;#2565AE&#8221; title_font_size=&#8221;35px&#8221; custom_button=&#8221;on&#8221; button_text_size=&#8221;19px&#8221; button_text_color=&#8221;#e9f2fd&#8221; button_bg_color=&#8221;#2565AE&#8221; button_border_width=&#8221;0px&#8221; button_border_color=&#8221;RGBA(0,0,0,0)&#8221; button_use_icon=&#8221;off&#8221; button_custom_margin=&#8221;||||false|false&#8221; button_custom_padding=&#8221;|32px||32px|false|true&#8221; width=&#8221;100%&#8221; module_alignment=&#8221;center&#8221; custom_margin=&#8221;65px||||false|false&#8221; custom_margin_tablet=&#8221;0px||||false|false&#8221; custom_margin_phone=&#8221;&#8221; custom_margin_last_edited=&#8221;on|desktop&#8221; custom_css_contact_fields=&#8221;transition:all 0.5s !important;&#8221; custom_css_text_field=&#8221;transition:all 0.5s !important;&#8221; global_colors_info=&#8221;{}&#8221; button_bg_color__hover_enabled=&#8221;on|desktop&#8221; button_bg_color__hover=&#8221;#3C99DC&#8221; button_bg_enable_color__hover=&#8221;on&#8221; button_text_color__hover_enabled=&#8221;on|desktop&#8221; button_text_color__hover=&#8221;#e9f2fd&#8221; button_border_width__hover_enabled=&#8221;on|hover&#8221; custom_css_contact_fields__hover_enabled=&#8221;on|desktop&#8221; custom_css_contact_fields__hover=&#8221;box-shadow:0 0 0px 2px #0F5398;&#8221; custom_css_text_field__hover_enabled=&#8221;on|hover&#8221; custom_css_text_field__hover=&#8221;box-shadow:0 0 0px 2px #0F5398;&#8221;][et_pb_contact_field field_id=&#8221;Name&#8221; field_title=&#8221;Nome&#8221; _builder_version=&#8221;4.10.7&#8243; global_colors_info=&#8221;{}&#8221; button_text_size__hover_enabled=&#8221;off&#8221; button_one_text_size__hover_enabled=&#8221;off&#8221; button_two_text_size__hover_enabled=&#8221;off&#8221; button_text_color__hover_enabled=&#8221;off&#8221; button_one_text_color__hover_enabled=&#8221;off&#8221; button_two_text_color__hover_enabled=&#8221;off&#8221; button_border_width__hover_enabled=&#8221;off&#8221; button_one_border_width__hover_enabled=&#8221;off&#8221; button_two_border_width__hover_enabled=&#8221;off&#8221; button_border_color__hover_enabled=&#8221;off&#8221; button_one_border_color__hover_enabled=&#8221;off&#8221; button_two_border_color__hover_enabled=&#8221;off&#8221; button_border_radius__hover_enabled=&#8221;off&#8221; button_one_border_radius__hover_enabled=&#8221;off&#8221; button_two_border_radius__hover_enabled=&#8221;off&#8221; button_letter_spacing__hover_enabled=&#8221;off&#8221; button_one_letter_spacing__hover_enabled=&#8221;off&#8221; button_two_letter_spacing__hover_enabled=&#8221;off&#8221; button_bg_color__hover_enabled=&#8221;off&#8221; button_one_bg_color__hover_enabled=&#8221;off&#8221; button_two_bg_color__hover_enabled=&#8221;off&#8221;][\/et_pb_contact_field][et_pb_contact_field field_id=&#8221;Contact&#8221; field_title=&#8221;Telefone&#8221; _builder_version=&#8221;4.10.7&#8243; _module_preset=&#8221;default&#8221; global_colors_info=&#8221;{}&#8221;][\/et_pb_contact_field][et_pb_contact_field field_id=&#8221;Email&#8221; field_title=&#8221;Endere\u00e7o de E-Mail&#8221; field_type=&#8221;email&#8221; fullwidth_field=&#8221;on&#8221; _builder_version=&#8221;4.10.7&#8243; global_colors_info=&#8221;{}&#8221; button_text_size__hover_enabled=&#8221;off&#8221; button_one_text_size__hover_enabled=&#8221;off&#8221; button_two_text_size__hover_enabled=&#8221;off&#8221; button_text_color__hover_enabled=&#8221;off&#8221; button_one_text_color__hover_enabled=&#8221;off&#8221; button_two_text_color__hover_enabled=&#8221;off&#8221; button_border_width__hover_enabled=&#8221;off&#8221; button_one_border_width__hover_enabled=&#8221;off&#8221; button_two_border_width__hover_enabled=&#8221;off&#8221; button_border_color__hover_enabled=&#8221;off&#8221; button_one_border_color__hover_enabled=&#8221;off&#8221; button_two_border_color__hover_enabled=&#8221;off&#8221; button_border_radius__hover_enabled=&#8221;off&#8221; button_one_border_radius__hover_enabled=&#8221;off&#8221; button_two_border_radius__hover_enabled=&#8221;off&#8221; button_letter_spacing__hover_enabled=&#8221;off&#8221; button_one_letter_spacing__hover_enabled=&#8221;off&#8221; button_two_letter_spacing__hover_enabled=&#8221;off&#8221; button_bg_color__hover_enabled=&#8221;off&#8221; button_one_bg_color__hover_enabled=&#8221;off&#8221; button_two_bg_color__hover_enabled=&#8221;off&#8221;][\/et_pb_contact_field][et_pb_contact_field field_id=&#8221;Message&#8221; field_title=&#8221;Mensagem&#8221; field_type=&#8221;text&#8221; fullwidth_field=&#8221;on&#8221; _builder_version=&#8221;4.10.7&#8243; global_colors_info=&#8221;{}&#8221; button_text_size__hover_enabled=&#8221;off&#8221; button_one_text_size__hover_enabled=&#8221;off&#8221; button_two_text_size__hover_enabled=&#8221;off&#8221; button_text_color__hover_enabled=&#8221;off&#8221; button_one_text_color__hover_enabled=&#8221;off&#8221; button_two_text_color__hover_enabled=&#8221;off&#8221; button_border_width__hover_enabled=&#8221;off&#8221; button_one_border_width__hover_enabled=&#8221;off&#8221; button_two_border_width__hover_enabled=&#8221;off&#8221; button_border_color__hover_enabled=&#8221;off&#8221; button_one_border_color__hover_enabled=&#8221;off&#8221; button_two_border_color__hover_enabled=&#8221;off&#8221; button_border_radius__hover_enabled=&#8221;off&#8221; button_one_border_radius__hover_enabled=&#8221;off&#8221; button_two_border_radius__hover_enabled=&#8221;off&#8221; button_letter_spacing__hover_enabled=&#8221;off&#8221; button_one_letter_spacing__hover_enabled=&#8221;off&#8221; button_two_letter_spacing__hover_enabled=&#8221;off&#8221; button_bg_color__hover_enabled=&#8221;off&#8221; button_one_bg_color__hover_enabled=&#8221;off&#8221; button_two_bg_color__hover_enabled=&#8221;off&#8221;][\/et_pb_contact_field][et_pb_contact_field field_id=&#8221;Field_5&#8243; field_title=&#8221; &#8221; field_type=&#8221;checkbox&#8221; checkbox_options=&#8221;%91{%22value%22:%22Autorizo o tratamento dos dados submetidos e aceito os termos e condi\u00e7\u00f5es descritos na pol\u00edtica de privacidade.%22,%22checked%22:0,%22dragID%22:-1}%93&#8243; fullwidth_field=&#8221;on&#8221; _builder_version=&#8221;4.10.7&#8243; _module_preset=&#8221;default&#8221; global_colors_info=&#8221;{}&#8221;][\/et_pb_contact_field][\/et_pb_contact_form][\/et_pb_column][\/et_pb_row][\/et_pb_section]<\/p>\n","protected":false},"excerpt":{"rendered":"<p>Desenvolvemos plataformas Web em Cloud \u00e0 medida do seu neg\u00f3cio.Implementa\u00e7\u00e3o e planeamento de redes estruturadas.Aluguer de equipamentos de rede e servi\u00e7os associados.Desenvolvemos solu\u00e7\u00f5es de IA \u00e0 medida. Implemente sistemas de automa\u00e7\u00e3o inteligente, otimiza\u00e7\u00e3o de processos e aumento de produtividade na sua empresa.Permita que os seus clientes levem o seu neg\u00f3cio no bolso deles!Coloque o seu [&hellip;]<\/p>\n","protected":false},"author":1,"featured_media":0,"parent":0,"menu_order":0,"comment_status":"closed","ping_status":"closed","template":"","meta":{"_et_pb_use_builder":"on","_et_pb_old_content":"<!-- wp:paragraph -->\n<p>Isto \u00e9 um exemplo de p\u00e1gina. \u00c9 diferente de um artigo porque fica no mesmo s\u00edtio e aparece na navega\u00e7\u00e3o do seu site (na maior parte dos temas). O normal \u00e9 come\u00e7ar com uma p\u00e1gina \"Sobre mim\"\/\"Sobre n\u00f3s\", que apresenta o site aos visitantes. Pode ser qualquer coisa deste tipo:<\/p>\n<!-- \/wp:paragraph -->\n\n<!-- wp:quote -->\n<blockquote class=\"wp-block-quote\"><p>Ol\u00e1! Fa\u00e7o entregas durante o dia, mas estudo para ser actor \u00e0 noite. Este \u00e9 o meu site. Vivo em Lisboa, tenho um c\u00e3o chamado Belarmino e gosto de caipirinhas (e de ver a relva a crescer).<\/p><\/blockquote>\n<!-- \/wp:quote -->\n\n<!-- wp:paragraph -->\n<p>... ou algo como isto:<\/p>\n<!-- \/wp:paragraph -->\n\n<!-- wp:quote -->\n<blockquote class=\"wp-block-quote\"><p>A Gambozinos XPTO foi fundada em 1971 e tem, desde ent\u00e3o, fornecido gambuzinos da mais alta qualidade aos seus clientes. Localizada em Gotham, a Gambozinos XPTO emprega mais de 2 000 colaboradores, e \u00e9 um dos pilares da comunidade.<\/p><\/blockquote>\n<!-- \/wp:quote -->\n\n<!-- wp:paragraph -->\n<p>Como novo utilizador do WordPress, deveria ir ao <a href=\"https:\/\/www.dotlabs.pt\/ws\/wp-admin\/\">seu painel<\/a> para eliminar esta p\u00e1gina e criar novas p\u00e1ginas do seu pr\u00f3prio conte\u00fado. Divirta-se!<\/p>\n<!-- \/wp:paragraph -->","_et_gb_content_width":"","inline_featured_image":false,"footnotes":""},"class_list":["post-2","page","type-page","status-publish","hentry"],"_links":{"self":[{"href":"https:\/\/www.dotlabs.pt\/ws\/wp-json\/wp\/v2\/pages\/2","targetHints":{"allow":["GET"]}}],"collection":[{"href":"https:\/\/www.dotlabs.pt\/ws\/wp-json\/wp\/v2\/pages"}],"about":[{"href":"https:\/\/www.dotlabs.pt\/ws\/wp-json\/wp\/v2\/types\/page"}],"author":[{"embeddable":true,"href":"https:\/\/www.dotlabs.pt\/ws\/wp-json\/wp\/v2\/users\/1"}],"replies":[{"embeddable":true,"href":"https:\/\/www.dotlabs.pt\/ws\/wp-json\/wp\/v2\/comments?post=2"}],"version-history":[{"count":85,"href":"https:\/\/www.dotlabs.pt\/ws\/wp-json\/wp\/v2\/pages\/2\/revisions"}],"predecessor-version":[{"id":575,"href":"https:\/\/www.dotlabs.pt\/ws\/wp-json\/wp\/v2\/pages\/2\/revisions\/575"}],"wp:attachment":[{"href":"https:\/\/www.dotlabs.pt\/ws\/wp-json\/wp\/v2\/media?parent=2"}],"curies":[{"name":"wp","href":"https:\/\/api.w.org\/{rel}","templated":true}]}}